


{"id":2681,"date":"2020-06-11T07:31:59","date_gmt":"2020-06-11T07:31:59","guid":{"rendered":"http:\/\/ninzio.com\/worksquare\/?page_id=34"},"modified":"2026-01-12T17:06:31","modified_gmt":"2026-01-12T17:06:31","slug":"contact","status":"publish","type":"page","link":"https:\/\/djazairia.com\/en\/contact\/","title":{"rendered":"Contact"},"content":{"rendered":"<div class=\"wpb-content-wrapper\"><div class=\"vc_row wpb_row vc_row-fluid position-relative\"><div class=\"wpb_column vc_column_container vc_col-sm-12\"><div class=\"vc_column-inner\"><div class=\"wpb_wrapper\"><div class=\"deeper-spacer clearfix\" data-config='{\"desktop\":100,\"mobile\":80,\"smobile\":80}'><\/div><\/div><\/div><\/div><div class=\"wpb_column vc_column_container vc_col-sm-5\"><div class=\"vc_column-inner\"><div class=\"wpb_wrapper\"><h5 class=\"deeper-text align-left \" style=\"font-size:16px;font-weight:600;letter-spacing:-0.2px;margin-bottom:16px;color:#074883;font-family:Open Sans;\" ><span><strong>Pr\u00eats \u00e0 innover ensemble ?<\/strong><\/span>\n<\/h5><h2 class=\"deeper-text align-left  text-has-width\" style=\"font-size:32px;letter-spacing:-0.2px;max-width:800px;\" ><span><strong>Contactez l\u2019\u00c9quipe DjazairIA<\/strong><\/span>\n<\/h2><\/div><\/div><\/div><div class=\"wpb_column vc_column_container vc_col-sm-7\"><div class=\"vc_column-inner\"><div class=\"wpb_wrapper\"><div class=\"deeper-spacer clearfix\" data-config='{\"desktop\":40,\"mobile\":40,\"smobile\":40}'><\/div>\n\t<div class=\"wpb_text_column wpb_content_element\" >\n\t\t<div class=\"wpb_wrapper\">\n\t\t\t<p><em>Que vous soyez startup, partenaire, artiste ou simplement curieux, notre \u00e9quipe est \u00e0 votre \u00e9coute. Utilisez le formulaire ci-dessous ou nos coordonn\u00e9es directes pour \u00e9changer avec nous.<\/em><\/p>\n\n\t\t<\/div>\n\t<\/div>\n<\/div><\/div><\/div><div class=\"wpb_column vc_column_container vc_col-sm-12\"><div class=\"vc_column-inner\"><div class=\"wpb_wrapper\"><div class=\"deeper-spacer clearfix\" data-config='{\"desktop\":70,\"mobile\":50,\"smobile\":50}'><\/div><\/div><\/div><\/div><\/div><div class=\"vc_row wpb_row vc_row-fluid position-relative\"><div class=\"wpb_column vc_column_container vc_col-sm-12\"><div class=\"vc_column-inner\"><div class=\"wpb_wrapper\"><style id=\"wpforms-css-vars-2879\">\n\t\t\t\t#wpforms-2879 {\n\t\t\t\t\n\t\t\t}\n\t\t\t<\/style><div class=\"wpforms-container wpforms-container-full wpforms-render-modern\" id=\"wpforms-2879\"><form id=\"wpforms-form-2879\" class=\"wpforms-validate wpforms-form wpforms-ajax-form\" data-formid=\"2879\" method=\"post\" enctype=\"multipart\/form-data\" action=\"\/en\/wp-json\/wp\/v2\/pages\/2681\" data-token=\"d0ecac37f5ad03efa8a44bdf2aca4bf0\" data-token-time=\"1776311220\"><noscript class=\"wpforms-error-noscript\">Please enable JavaScript in your browser to complete this form.<\/noscript><div id=\"wpforms-error-noscript\" style=\"display: none;\">Please enable JavaScript in your browser to complete this form.<\/div><div class=\"wpforms-field-container\"><div id=\"wpforms-2879-field_1-container\" class=\"wpforms-field wpforms-field-name\" data-field-id=\"1\"><label class=\"wpforms-field-label\" for=\"wpforms-2879-field_1\">Nom et pr\u00e9nom <span class=\"wpforms-required-label\" aria-hidden=\"true\">*<\/span><\/label><input type=\"text\" id=\"wpforms-2879-field_1\" class=\"wpforms-field-medium wpforms-field-required\" name=\"wpforms[fields][1]\" aria-errormessage=\"wpforms-2879-field_1-error\" required><\/div>\t\t<div id=\"wpforms-2879-field_4-container\"\n\t\t\tclass=\"wpforms-field wpforms-field-text\"\n\t\t\tdata-field-type=\"text\"\n\t\t\tdata-field-id=\"4\"\n\t\t\t>\n\t\t\t<label class=\"wpforms-field-label\" for=\"wpforms-2879-field_4\" >pr\u00e9nom Email Nom<\/label>\n\t\t\t<input type=\"text\" id=\"wpforms-2879-field_4\" class=\"wpforms-field-medium\" name=\"wpforms[fields][4]\" >\n\t\t<\/div>\n\t\t<div id=\"wpforms-2879-field_2-container\" class=\"wpforms-field wpforms-field-email\" data-field-id=\"2\"><label class=\"wpforms-field-label\" for=\"wpforms-2879-field_2\">Email <span class=\"wpforms-required-label\" aria-hidden=\"true\">*<\/span><\/label><input type=\"email\" id=\"wpforms-2879-field_2\" class=\"wpforms-field-medium wpforms-field-required\" name=\"wpforms[fields][2]\" spellcheck=\"false\" aria-errormessage=\"wpforms-2879-field_2-error\" required><\/div><div id=\"wpforms-2879-field_3-container\" class=\"wpforms-field wpforms-field-textarea\" data-field-id=\"3\"><label class=\"wpforms-field-label\" for=\"wpforms-2879-field_3\">Message<\/label><textarea id=\"wpforms-2879-field_3\" class=\"wpforms-field-medium\" name=\"wpforms[fields][3]\" aria-errormessage=\"wpforms-2879-field_3-error\" ><\/textarea><\/div><script>\n\t\t\t\t( function() {\n\t\t\t\t\tconst style = document.createElement( 'style' );\n\t\t\t\t\tstyle.appendChild( document.createTextNode( '#wpforms-2879-field_4-container { position: absolute !important; overflow: hidden !important; display: inline !important; height: 1px !important; width: 1px !important; z-index: -1000 !important; padding: 0 !important; } #wpforms-2879-field_4-container input { visibility: hidden; } #wpforms-conversational-form-page #wpforms-2879-field_4-container label { counter-increment: none; }' ) );\n\t\t\t\t\tdocument.head.appendChild( style );\n\t\t\t\t\tdocument.currentScript?.remove();\n\t\t\t\t} )();\n\t\t\t<\/script><\/div><!-- .wpforms-field-container --><div class=\"wpforms-submit-container\" ><input type=\"hidden\" name=\"wpforms[id]\" value=\"2879\"><input type=\"hidden\" name=\"page_title\" value=\"\"><input type=\"hidden\" name=\"page_url\" value=\"https:\/\/djazairia.com\/en\/wp-json\/wp\/v2\/pages\/2681\"><input type=\"hidden\" name=\"url_referer\" value=\"\"><button type=\"submit\" name=\"wpforms[submit]\" id=\"wpforms-submit-2879\" class=\"wpforms-submit\" data-alt-text=\"Sending...\" data-submit-text=\"Envoyer\" aria-live=\"assertive\" value=\"wpforms-submit\">Envoyer<\/button><img decoding=\"async\" src=\"https:\/\/djazairia.com\/wp-content\/plugins\/wpforms-lite\/assets\/images\/submit-spin.svg\" class=\"wpforms-submit-spinner\" style=\"display: none;\" width=\"26\" height=\"26\" alt=\"Loading\"><\/div><\/form><\/div>  <!-- .wpforms-container --><\/div><\/div><\/div><\/div>\n<\/div>","protected":false},"excerpt":{"rendered":"Pr\u00eats \u00e0 innover ensemble ? Contactez l\u2019\u00c9quipe DjazairIA Que vous soyez startup, partenaire, artiste ou simplement curieux, notre \u00e9quipe est \u00e0 votre \u00e9coute. Utilisez le formulaire ci-dessous ou nos coordonn\u00e9es directes pour \u00e9changer avec nous. Please enable JavaScript in your browser to complete this form.Please enable JavaScript in your browser","protected":false},"author":2,"featured_media":0,"parent":0,"menu_order":0,"comment_status":"closed","ping_status":"closed","template":"","meta":{"_acf_changed":false,"_monsterinsights_skip_tracking":false,"_monsterinsights_sitenote_active":false,"_monsterinsights_sitenote_note":"","_monsterinsights_sitenote_category":0,"_uf_show_specific_survey":0,"_uf_disable_surveys":false,"footnotes":""},"class_list":["post-2681","page","type-page","status-publish","hentry"],"acf":[],"aioseo_notices":[],"yoast_head":"<!-- This site is optimized with the Yoast SEO plugin v27.4 - https:\/\/yoast.com\/product\/yoast-seo-wordpress\/ -->\n<title>DjazairIA - 1er incubateur IA en Alg\u00e9rie<\/title>\n<meta name=\"description\" content=\"DjazairIA - 1er incubateur IA en Alg\u00e9rie\" \/>\n<meta name=\"robots\" content=\"index, follow, max-snippet:-1, max-image-preview:large, max-video-preview:-1\" \/>\n<link rel=\"canonical\" href=\"https:\/\/djazairia.com\/en\/contact\/\" \/>\n<meta property=\"og:locale\" content=\"en_US\" \/>\n<meta property=\"og:type\" content=\"article\" \/>\n<meta property=\"og:title\" content=\"DjazairIA - 1er incubateur IA en Alg\u00e9rie\" \/>\n<meta property=\"og:description\" content=\"DjazairIA - 1er incubateur IA en Alg\u00e9rie\" \/>\n<meta property=\"og:url\" content=\"https:\/\/djazairia.com\/en\/contact\/\" \/>\n<meta property=\"og:site_name\" content=\"DjazairIA\" \/>\n<meta property=\"article:modified_time\" content=\"2026-01-12T17:06:31+00:00\" \/>\n<meta name=\"twitter:card\" content=\"summary_large_image\" \/>\n<meta name=\"twitter:label1\" content=\"Est. reading time\" \/>\n\t<meta name=\"twitter:data1\" content=\"1 minute\" \/>\n<script type=\"application\/ld+json\" class=\"yoast-schema-graph\">{\"@context\":\"https:\\\/\\\/schema.org\",\"@graph\":[{\"@type\":\"WebPage\",\"@id\":\"https:\\\/\\\/djazairia.com\\\/en\\\/contact\\\/\",\"url\":\"https:\\\/\\\/djazairia.com\\\/en\\\/contact\\\/\",\"name\":\"DjazairIA - 1er incubateur IA en Alg\u00e9rie\",\"isPartOf\":{\"@id\":\"https:\\\/\\\/djazairia.com\\\/en\\\/#website\"},\"datePublished\":\"2020-06-11T07:31:59+00:00\",\"dateModified\":\"2026-01-12T17:06:31+00:00\",\"description\":\"DjazairIA - 1er incubateur IA en Alg\u00e9rie\",\"breadcrumb\":{\"@id\":\"https:\\\/\\\/djazairia.com\\\/en\\\/contact\\\/#breadcrumb\"},\"inLanguage\":\"en-US\",\"potentialAction\":[{\"@type\":\"ReadAction\",\"target\":[\"https:\\\/\\\/djazairia.com\\\/en\\\/contact\\\/\"]}]},{\"@type\":\"BreadcrumbList\",\"@id\":\"https:\\\/\\\/djazairia.com\\\/en\\\/contact\\\/#breadcrumb\",\"itemListElement\":[{\"@type\":\"ListItem\",\"position\":1,\"name\":\"Home\",\"item\":\"https:\\\/\\\/djazairia.com\\\/\"},{\"@type\":\"ListItem\",\"position\":2,\"name\":\"Contact\"}]},{\"@type\":\"WebSite\",\"@id\":\"https:\\\/\\\/djazairia.com\\\/en\\\/#website\",\"url\":\"https:\\\/\\\/djazairia.com\\\/en\\\/\",\"name\":\"DjazairIA - 1er incubateur IA en Alg\u00e9rie\",\"description\":\"Le premier incubateur sp\u00e9cialis\u00e9 en intelligence artificielle en Alg\u00e9rie\",\"publisher\":{\"@id\":\"https:\\\/\\\/djazairia.com\\\/en\\\/#organization\"},\"alternateName\":\"DjazairIA - 1er incubateur IA en Alg\u00e9rie\",\"potentialAction\":[{\"@type\":\"SearchAction\",\"target\":{\"@type\":\"EntryPoint\",\"urlTemplate\":\"https:\\\/\\\/djazairia.com\\\/en\\\/?s={search_term_string}\"},\"query-input\":{\"@type\":\"PropertyValueSpecification\",\"valueRequired\":true,\"valueName\":\"search_term_string\"}}],\"inLanguage\":\"en-US\"},{\"@type\":\"Organization\",\"@id\":\"https:\\\/\\\/djazairia.com\\\/en\\\/#organization\",\"name\":\"DjazairIA\",\"url\":\"https:\\\/\\\/djazairia.com\\\/en\\\/\",\"logo\":{\"@type\":\"ImageObject\",\"inLanguage\":\"en-US\",\"@id\":\"https:\\\/\\\/djazairia.com\\\/en\\\/#\\\/schema\\\/logo\\\/image\\\/\",\"url\":\"https:\\\/\\\/djazairia.com\\\/wp-content\\\/uploads\\\/2025\\\/05\\\/Asset-3@3x.png\",\"contentUrl\":\"https:\\\/\\\/djazairia.com\\\/wp-content\\\/uploads\\\/2025\\\/05\\\/Asset-3@3x.png\",\"width\":271,\"height\":167,\"caption\":\"DjazairIA\"},\"image\":{\"@id\":\"https:\\\/\\\/djazairia.com\\\/en\\\/#\\\/schema\\\/logo\\\/image\\\/\"},\"sameAs\":[\"https:\\\/\\\/www.instagram.com\\\/djazairia_incubator\\\/\",\"https:\\\/\\\/www.linkedin.com\\\/company\\\/djazairia\"]}]}<\/script>\n<!-- \/ Yoast SEO plugin. -->","yoast_head_json":{"title":"DjazairIA - 1er incubateur IA en Alg\u00e9rie","description":"DjazairIA - 1er incubateur IA en Alg\u00e9rie","robots":{"index":"index","follow":"follow","max-snippet":"max-snippet:-1","max-image-preview":"max-image-preview:large","max-video-preview":"max-video-preview:-1"},"canonical":"https:\/\/djazairia.com\/en\/contact\/","og_locale":"en_US","og_type":"article","og_title":"DjazairIA - 1er incubateur IA en Alg\u00e9rie","og_description":"DjazairIA - 1er incubateur IA en Alg\u00e9rie","og_url":"https:\/\/djazairia.com\/en\/contact\/","og_site_name":"DjazairIA","article_modified_time":"2026-01-12T17:06:31+00:00","twitter_card":"summary_large_image","twitter_misc":{"Est. reading time":"1 minute"},"schema":{"@context":"https:\/\/schema.org","@graph":[{"@type":"WebPage","@id":"https:\/\/djazairia.com\/en\/contact\/","url":"https:\/\/djazairia.com\/en\/contact\/","name":"DjazairIA - 1er incubateur IA en Alg\u00e9rie","isPartOf":{"@id":"https:\/\/djazairia.com\/en\/#website"},"datePublished":"2020-06-11T07:31:59+00:00","dateModified":"2026-01-12T17:06:31+00:00","description":"DjazairIA - 1er incubateur IA en Alg\u00e9rie","breadcrumb":{"@id":"https:\/\/djazairia.com\/en\/contact\/#breadcrumb"},"inLanguage":"en-US","potentialAction":[{"@type":"ReadAction","target":["https:\/\/djazairia.com\/en\/contact\/"]}]},{"@type":"BreadcrumbList","@id":"https:\/\/djazairia.com\/en\/contact\/#breadcrumb","itemListElement":[{"@type":"ListItem","position":1,"name":"Home","item":"https:\/\/djazairia.com\/"},{"@type":"ListItem","position":2,"name":"Contact"}]},{"@type":"WebSite","@id":"https:\/\/djazairia.com\/en\/#website","url":"https:\/\/djazairia.com\/en\/","name":"DjazairIA - 1er incubateur IA en Alg\u00e9rie","description":"Le premier incubateur sp\u00e9cialis\u00e9 en intelligence artificielle en Alg\u00e9rie","publisher":{"@id":"https:\/\/djazairia.com\/en\/#organization"},"alternateName":"DjazairIA - 1er incubateur IA en Alg\u00e9rie","potentialAction":[{"@type":"SearchAction","target":{"@type":"EntryPoint","urlTemplate":"https:\/\/djazairia.com\/en\/?s={search_term_string}"},"query-input":{"@type":"PropertyValueSpecification","valueRequired":true,"valueName":"search_term_string"}}],"inLanguage":"en-US"},{"@type":"Organization","@id":"https:\/\/djazairia.com\/en\/#organization","name":"DjazairIA","url":"https:\/\/djazairia.com\/en\/","logo":{"@type":"ImageObject","inLanguage":"en-US","@id":"https:\/\/djazairia.com\/en\/#\/schema\/logo\/image\/","url":"https:\/\/djazairia.com\/wp-content\/uploads\/2025\/05\/Asset-3@3x.png","contentUrl":"https:\/\/djazairia.com\/wp-content\/uploads\/2025\/05\/Asset-3@3x.png","width":271,"height":167,"caption":"DjazairIA"},"image":{"@id":"https:\/\/djazairia.com\/en\/#\/schema\/logo\/image\/"},"sameAs":["https:\/\/www.instagram.com\/djazairia_incubator\/","https:\/\/www.linkedin.com\/company\/djazairia"]}]}},"brizy_media":[],"_links":{"self":[{"href":"https:\/\/djazairia.com\/en\/wp-json\/wp\/v2\/pages\/2681","targetHints":{"allow":["GET"]}}],"collection":[{"href":"https:\/\/djazairia.com\/en\/wp-json\/wp\/v2\/pages"}],"about":[{"href":"https:\/\/djazairia.com\/en\/wp-json\/wp\/v2\/types\/page"}],"author":[{"embeddable":true,"href":"https:\/\/djazairia.com\/en\/wp-json\/wp\/v2\/users\/2"}],"replies":[{"embeddable":true,"href":"https:\/\/djazairia.com\/en\/wp-json\/wp\/v2\/comments?post=2681"}],"version-history":[{"count":2,"href":"https:\/\/djazairia.com\/en\/wp-json\/wp\/v2\/pages\/2681\/revisions"}],"predecessor-version":[{"id":2884,"href":"https:\/\/djazairia.com\/en\/wp-json\/wp\/v2\/pages\/2681\/revisions\/2884"}],"wp:attachment":[{"href":"https:\/\/djazairia.com\/en\/wp-json\/wp\/v2\/media?parent=2681"}],"curies":[{"name":"wp","href":"https:\/\/api.w.org\/{rel}","templated":true}]}}